{"id":1537,"date":"2024-08-06T10:34:32","date_gmt":"2024-08-06T09:34:32","guid":{"rendered":"https:\/\/www.adrianladner.de\/?page_id=1537"},"modified":"2025-07-22T16:00:05","modified_gmt":"2025-07-22T15:00:05","slug":"systemische-beratung","status":"publish","type":"page","link":"https:\/\/www.adrianladner.de\/?page_id=1537","title":{"rendered":"Systemische Paarberatung"},"content":{"rendered":"\t\t<div data-elementor-type=\"wp-page\" data-elementor-id=\"1537\" class=\"elementor elementor-1537\" data-elementor-post-type=\"page\">\n\t\t\t\t\t\t<section class=\"elementor-section elementor-top-section elementor-element elementor-element-264baa0 elementor-section-boxed elementor-section-height-default elementor-section-height-default\" data-id=\"264baa0\" data-element_type=\"section\" data-e-type=\"section\">\n\t\t\t\t\t\t<div class=\"elementor-container elementor-column-gap-default\">\n\t\t\t\t\t<div class=\"elementor-column elementor-col-100 elementor-top-column elementor-element elementor-element-c17764a\" data-id=\"c17764a\" data-element_type=\"column\" data-e-type=\"column\">\n\t\t\t<div class=\"elementor-widget-wrap elementor-element-populated\">\n\t\t\t\t\t\t<div class=\"elementor-element elementor-element-86b9b79 elementor-widget elementor-widget-image\" data-id=\"86b9b79\" data-element_type=\"widget\" data-e-type=\"widget\" data-widget_type=\"image.default\">\n\t\t\t\t<div class=\"elementor-widget-container\">\n\t\t\t\t\t\t\t\t\t\t\t\t\t\t\t<img fetchpriority=\"high\" decoding=\"async\" width=\"1200\" height=\"800\" src=\"https:\/\/i0.wp.com\/www.adrianladner.de\/blog\/wp-content\/uploads\/2024\/08\/paarber.png?fit=1200%2C800&amp;ssl=1\" class=\"attachment-full size-full wp-image-2525\" alt=\"\" srcset=\"https:\/\/i0.wp.com\/www.adrianladner.de\/blog\/wp-content\/uploads\/2024\/08\/paarber.png?w=1200&amp;ssl=1 1200w, https:\/\/i0.wp.com\/www.adrianladner.de\/blog\/wp-content\/uploads\/2024\/08\/paarber.png?resize=559%2C373&amp;ssl=1 559w, https:\/\/i0.wp.com\/www.adrianladner.de\/blog\/wp-content\/uploads\/2024\/08\/paarber.png?resize=845%2C563&amp;ssl=1 845w, https:\/\/i0.wp.com\/www.adrianladner.de\/blog\/wp-content\/uploads\/2024\/08\/paarber.png?resize=768%2C512&amp;ssl=1 768w, https:\/\/i0.wp.com\/www.adrianladner.de\/blog\/wp-content\/uploads\/2024\/08\/paarber.png?resize=600%2C400&amp;ssl=1 600w\" sizes=\"(max-width: 800px) 100vw, 800px\" data-wp-pid=\"2525\" \/>\t\t\t\t\t\t\t\t\t\t\t\t\t\t\t<\/div>\n\t\t\t\t<\/div>\n\t\t\t\t\t<\/div>\n\t\t<\/div>\n\t\t\t\t\t<\/div>\n\t\t<\/section>\n\t\t\t\t<section class=\"elementor-section elementor-top-section elementor-element elementor-element-79ed265 elementor-section-boxed elementor-section-height-default elementor-section-height-default\" data-id=\"79ed265\" data-element_type=\"section\" data-e-type=\"section\">\n\t\t\t\t\t\t<div class=\"elementor-container elementor-column-gap-default\">\n\t\t\t\t\t<div class=\"elementor-column elementor-col-100 elementor-top-column elementor-element elementor-element-4194b5cb\" data-id=\"4194b5cb\" data-element_type=\"column\" data-e-type=\"column\">\n\t\t\t<div class=\"elementor-widget-wrap elementor-element-populated\">\n\t\t\t\t\t\t<div class=\"elementor-element elementor-element-7df17833 elementor-widget elementor-widget-text-editor\" data-id=\"7df17833\" data-element_type=\"widget\" data-e-type=\"widget\" data-widget_type=\"text-editor.default\">\n\t\t\t\t<div class=\"elementor-widget-container\">\n\t\t\t\t\t\t\t\t\t<p data-start=\"169\" data-end=\"403\"><strong data-start=\"169\" data-end=\"251\">Eure Beziehung steckt fest, ihr sucht Orientierung oder wollt etwas ver\u00e4ndern?<\/strong><br data-start=\"251\" data-end=\"254\">In der systemischen Paarberatung schauen wir gemeinsam auf das, was euch bewegt \u2013 l\u00f6sungsorientiert, wertsch\u00e4tzend und mit Blick auf eure Ressourcen.<\/p>\n<p data-start=\"405\" data-end=\"608\"><strong data-start=\"405\" data-end=\"447\">Ihr seid Expert:innen eurer Beziehung.<\/strong><br data-start=\"447\" data-end=\"450\">Ich unterst\u00fctze euch dabei, neue Perspektiven zu entwickeln, Verst\u00e4ndnis f\u00fcreinander zu vertiefen und n\u00e4chste Schritte zu finden, die wirklich zu euch passen.<\/p>\n<p><b>Paarberatung &amp; Paartherapie<\/b><\/p>\n<p data-start=\"644\" data-end=\"827\">Wenn Gespr\u00e4che sich im Kreis drehen, Konflikte belasten oder die N\u00e4he verloren geht, kann systemische Paarberatung helfen, wieder in Verbindung zu kommen.<br data-start=\"798\" data-end=\"801\">Ich begleite euch dabei:<\/p>\n<ul data-start=\"828\" data-end=\"972\">\n<li data-start=\"828\" data-end=\"861\">\n<p data-start=\"830\" data-end=\"861\">einander besser zu verstehen,<\/p>\n<\/li>\n<li data-start=\"862\" data-end=\"915\">\n<p data-start=\"864\" data-end=\"915\">eingefahrene Muster zu erkennen und zu ver\u00e4ndern,<\/p>\n<\/li>\n<li data-start=\"916\" data-end=\"972\">\n<p data-start=\"918\" data-end=\"972\">gemeinsame L\u00f6sungen zu entwickeln, die tragf\u00e4hig sind.<\/p>\n<\/li>\n<\/ul>\n<p data-start=\"705\" data-end=\"941\">\n<\/p><p><strong>Raum f\u00fcr Eure Unterschiede und Gemeinsamkeiten<\/strong><\/p>\n<p data-start=\"948\" data-end=\"1286\">Jede:r von euch bekommt Raum f\u00fcr Gedanken, Gef\u00fchle und Bed\u00fcrfnisse, ohne Bewertung, aber mit klarem Blick auf M\u00f6glichkeiten. So entstehen neue Wege f\u00fcr ein wertsch\u00e4tzendes Miteinander.<\/p>\n<p><strong data-start=\"1293\" data-end=\"1327\">Beratung, wie sie zu euch passt<\/strong><\/p>\n<p data-start=\"1293\" data-end=\"1468\">Ihr k\u00f6nnt die Sitzungen vor Ort oder online via Zoom wahrnehmen, flexibel und passend zu eurem Alltag. Auch Abendtermine sind m\u00f6glich<\/p>\n<p><strong data-start=\"1475\" data-end=\"1512\">Was systemische Paarberatung und Paartherapie ausmacht<\/strong><\/p>\n<ul data-start=\"1515\" data-end=\"1795\">\n<li data-start=\"1515\" data-end=\"1603\">\n<p data-start=\"1517\" data-end=\"1603\"><strong data-start=\"1517\" data-end=\"1538\">L\u00f6sungsorientiert<\/strong>: Wir schauen auf das, was funktioniert und bauen darauf auf.<\/p>\n<\/li>\n<li data-start=\"1604\" data-end=\"1694\">\n<p data-start=\"1606\" data-end=\"1694\"><strong data-start=\"1606\" data-end=\"1628\">Ressourcenst\u00e4rkend<\/strong>: Eure St\u00e4rken stehen im Mittelpunkt, nicht eure Defizite.<\/p>\n<\/li>\n<li data-start=\"1695\" data-end=\"1795\">\n<p data-start=\"1697\" data-end=\"1795\"><strong data-start=\"1697\" data-end=\"1721\">Beziehungsorientiert<\/strong>: Ob allein oder gemeinsam \u2013 wir denken in Zusammenh\u00e4ngen, Dynamiken und Wechselwirkungen.<\/p>\n<\/li>\n<\/ul>\n<p><strong data-start=\"1802\" data-end=\"1835\">Bereit f\u00fcr neue Perspektiven?<\/strong><\/p>\n<p data-start=\"1802\" data-end=\"1924\">\nDann lass uns den ersten Schritt machen.<br data-start=\"1878\" data-end=\"1881\">Ich freue mich darauf, euch kennenzulernen.<\/p>\t\t\t\t\t\t\t\t<\/div>\n\t\t\t\t<\/div>\n\t\t\t\t\t<\/div>\n\t\t<\/div>\n\t\t\t\t\t<\/div>\n\t\t<\/section>\n\t\t\t\t<section class=\"elementor-section elementor-top-section elementor-element elementor-element-49f91ad elementor-section-boxed elementor-section-height-default elementor-section-height-default\" data-id=\"49f91ad\" data-element_type=\"section\" data-e-type=\"section\">\n\t\t\t\t\t\t<div class=\"elementor-container elementor-column-gap-default\">\n\t\t\t\t\t<div class=\"elementor-column elementor-col-33 elementor-top-column elementor-element elementor-element-a40a461\" data-id=\"a40a461\" data-element_type=\"column\" data-e-type=\"column\">\n\t\t\t<div class=\"elementor-widget-wrap\">\n\t\t\t\t\t\t\t<\/div>\n\t\t<\/div>\n\t\t\t\t<div class=\"elementor-column elementor-col-33 elementor-top-column elementor-element elementor-element-ef93578\" data-id=\"ef93578\" data-element_type=\"column\" data-e-type=\"column\">\n\t\t\t<div class=\"elementor-widget-wrap elementor-element-populated\">\n\t\t\t\t\t\t<div class=\"elementor-element elementor-element-2560 elementor-invisible elementor-widget elementor-widget-global elementor-global-2560 elementor-widget-button\" data-id=\"2560\" data-element_type=\"widget\" data-e-type=\"widget\" data-settings=\"{&quot;_animation&quot;:&quot;fadeIn&quot;,&quot;_animation_delay&quot;:&quot;200&quot;}\" data-widget_type=\"button.default\">\n\t\t\t\t<div class=\"elementor-widget-container\">\n\t\t\t\t\t\t\t\t\t<div class=\"elementor-button-wrapper\">\n\t\t\t\t\t<a class=\"elementor-button elementor-button-link elementor-size-sm\" href=\"https:\/\/calendly.com\/adrianladner\">\n\t\t\t\t\t\t<span class=\"elementor-button-content-wrapper\">\n\t\t\t\t\t\t\t\t\t<span class=\"elementor-button-text\">Termin vereinbaren<\/span>\n\t\t\t\t\t<\/span>\n\t\t\t\t\t<\/a>\n\t\t\t\t<\/div>\n\t\t\t\t\t\t\t\t<\/div>\n\t\t\t\t<\/div>\n\t\t\t\t\t<\/div>\n\t\t<\/div>\n\t\t\t\t<div class=\"elementor-column elementor-col-33 elementor-top-column elementor-element elementor-element-ca6fcce\" data-id=\"ca6fcce\" data-element_type=\"column\" data-e-type=\"column\">\n\t\t\t<div class=\"elementor-widget-wrap\">\n\t\t\t\t\t\t\t<\/div>\n\t\t<\/div>\n\t\t\t\t\t<\/div>\n\t\t<\/section>\n\t\t\t\t<\/div>\n\t\t","protected":false},"excerpt":{"rendered":"<p>Eure Beziehung steckt fest, ihr sucht Orientierung oder wollt etwas ver\u00e4ndern?In der systemischen Paarberatung schauen wir gemeinsam auf das, was euch bewegt \u2013 l\u00f6sungsorientiert, wertsch\u00e4tzend und mit Blick auf eure Ressourcen. Ihr seid Expert:innen eurer Beziehung.Ich unterst\u00fctze euch dabei, neue Perspektiven zu entwickeln, Verst\u00e4ndnis f\u00fcreinander zu vertiefen und n\u00e4chste Schritte zu finden, die wirklich zu [&hellip;]<\/p>\n","protected":false},"author":1,"featured_media":0,"parent":0,"menu_order":0,"comment_status":"closed","ping_status":"closed","template":"","meta":{"footnotes":""},"class_list":["post-1537","page","type-page","status-publish","hentry"],"jetpack_shortlink":"https:\/\/wp.me\/P4dMEf-oN","jetpack_sharing_enabled":true,"jetpack_likes_enabled":false,"_links":{"self":[{"href":"https:\/\/www.adrianladner.de\/index.php?rest_route=\/wp\/v2\/pages\/1537","targetHints":{"allow":["GET"]}}],"collection":[{"href":"https:\/\/www.adrianladner.de\/index.php?rest_route=\/wp\/v2\/pages"}],"about":[{"href":"https:\/\/www.adrianladner.de\/index.php?rest_route=\/wp\/v2\/types\/page"}],"author":[{"embeddable":true,"href":"https:\/\/www.adrianladner.de\/index.php?rest_route=\/wp\/v2\/users\/1"}],"replies":[{"embeddable":true,"href":"https:\/\/www.adrianladner.de\/index.php?rest_route=%2Fwp%2Fv2%2Fcomments&post=1537"}],"version-history":[{"count":60,"href":"https:\/\/www.adrianladner.de\/index.php?rest_route=\/wp\/v2\/pages\/1537\/revisions"}],"predecessor-version":[{"id":2865,"href":"https:\/\/www.adrianladner.de\/index.php?rest_route=\/wp\/v2\/pages\/1537\/revisions\/2865"}],"wp:attachment":[{"href":"https:\/\/www.adrianladner.de\/index.php?rest_route=%2Fwp%2Fv2%2Fmedia&parent=1537"}],"curies":[{"name":"wp","href":"https:\/\/api.w.org\/{rel}","templated":true}]}}