{"id":1557,"date":"2024-08-06T11:53:56","date_gmt":"2024-08-06T10:53:56","guid":{"rendered":"https:\/\/www.adrianladner.de\/?page_id=1557"},"modified":"2025-08-04T17:59:54","modified_gmt":"2025-08-04T16:59:54","slug":"ueber-mich","status":"publish","type":"page","link":"https:\/\/www.adrianladner.de\/?page_id=1557","title":{"rendered":"\u00dcber mich"},"content":{"rendered":"\t\t<div data-elementor-type=\"wp-page\" data-elementor-id=\"1557\" class=\"elementor elementor-1557\" data-elementor-post-type=\"page\">\n\t\t\t\t\t\t<section class=\"elementor-section elementor-top-section elementor-element elementor-element-fc2affc elementor-section-boxed elementor-section-height-default elementor-section-height-default\" data-id=\"fc2affc\" data-element_type=\"section\" data-e-type=\"section\">\n\t\t\t\t\t\t<div class=\"elementor-container elementor-column-gap-default\">\n\t\t\t\t\t<div class=\"elementor-column elementor-col-50 elementor-top-column elementor-element elementor-element-f8ac7e5\" data-id=\"f8ac7e5\" data-element_type=\"column\" data-e-type=\"column\">\n\t\t\t<div class=\"elementor-widget-wrap elementor-element-populated\">\n\t\t\t\t\t\t<div class=\"elementor-element elementor-element-6ef4efe elementor-widget__width-initial elementor-widget elementor-widget-image\" data-id=\"6ef4efe\" data-element_type=\"widget\" data-e-type=\"widget\" data-widget_type=\"image.default\">\n\t\t\t\t<div class=\"elementor-widget-container\">\n\t\t\t\t\t\t\t\t\t\t\t\t\t\t\t<img fetchpriority=\"high\" decoding=\"async\" width=\"800\" height=\"600\" src=\"https:\/\/i0.wp.com\/www.adrianladner.de\/blog\/wp-content\/uploads\/2024\/08\/899D325B-1DE9-4001-8DA3-607BB41178A2_1_105_c.jpeg?fit=800%2C600&amp;ssl=1\" class=\"attachment-large size-large wp-image-2241\" alt=\"\" srcset=\"https:\/\/i0.wp.com\/www.adrianladner.de\/blog\/wp-content\/uploads\/2024\/08\/899D325B-1DE9-4001-8DA3-607BB41178A2_1_105_c.jpeg?w=1024&amp;ssl=1 1024w, https:\/\/i0.wp.com\/www.adrianladner.de\/blog\/wp-content\/uploads\/2024\/08\/899D325B-1DE9-4001-8DA3-607BB41178A2_1_105_c.jpeg?resize=559%2C419&amp;ssl=1 559w, https:\/\/i0.wp.com\/www.adrianladner.de\/blog\/wp-content\/uploads\/2024\/08\/899D325B-1DE9-4001-8DA3-607BB41178A2_1_105_c.jpeg?resize=845%2C634&amp;ssl=1 845w, https:\/\/i0.wp.com\/www.adrianladner.de\/blog\/wp-content\/uploads\/2024\/08\/899D325B-1DE9-4001-8DA3-607BB41178A2_1_105_c.jpeg?resize=768%2C576&amp;ssl=1 768w, https:\/\/i0.wp.com\/www.adrianladner.de\/blog\/wp-content\/uploads\/2024\/08\/899D325B-1DE9-4001-8DA3-607BB41178A2_1_105_c.jpeg?resize=600%2C450&amp;ssl=1 600w\" sizes=\"(max-width: 800px) 100vw, 800px\" data-wp-pid=\"2241\" \/>\t\t\t\t\t\t\t\t\t\t\t\t\t\t\t<\/div>\n\t\t\t\t<\/div>\n\t\t\t\t\t<\/div>\n\t\t<\/div>\n\t\t\t\t<div class=\"elementor-column elementor-col-50 elementor-top-column elementor-element elementor-element-69b53bf\" data-id=\"69b53bf\" data-element_type=\"column\" data-e-type=\"column\">\n\t\t\t<div class=\"elementor-widget-wrap elementor-element-populated\">\n\t\t\t\t\t\t<div class=\"elementor-element elementor-element-6937f50 elementor-widget elementor-widget-text-editor\" data-id=\"6937f50\" data-element_type=\"widget\" data-e-type=\"widget\" data-widget_type=\"text-editor.default\">\n\t\t\t\t<div class=\"elementor-widget-container\">\n\t\t\t\t\t\t\t\t\t<p data-start=\"174\" data-end=\"334\">Ich bin Adrian Ladner \u2013 systemischer Berater und Therapeut mit Herz, Verstand und als Pfarrer, Seelsorger, Berater und Therapeut mit langj\u00e4hriger Erfahrung in der Begleitung von Menschen in herausfordernden Lebenssituationen.<\/p>\n<p data-start=\"336\" data-end=\"568\">Was mich auszeichnet? Ein feines Gesp\u00fcr f\u00fcr Themen, die unter der Oberfl\u00e4che liegen. Und die \u00dcberzeugung: Jeder Mensch tr\u00e4gt die F\u00e4higkeit zur Ver\u00e4nderung in sich \u2013 manchmal braucht es nur einen neuen Blickwinkel, um weiterzukommen.<\/p>\n<p data-start=\"570\" data-end=\"843\">Ich habe viele Jahre Menschen begleitet \u2013 in Krisen, in Beziehungen, auf der Suche nach Sinn oder neuen Wegen. Zudem arbeite ich in einer psychiatrischen Klinik und bringe diese Erfahrung t\u00e4glich in meine Beratungspraxis ein: achtsam, klar und mit Blick f\u00fcrs Wesentliche.<\/p>\n<p data-start=\"845\" data-end=\"872\"><strong data-start=\"845\" data-end=\"870\">Meine Qualifikationen<\/strong><\/p>\n<ul data-start=\"873\" data-end=\"985\">\n<li data-start=\"873\" data-end=\"915\">\n<p data-start=\"875\" data-end=\"915\">Systemische Beratung und Therapie i.A. (DGSF, SG)<\/p>\n<\/li>\n<li data-start=\"916\" data-end=\"941\">\n<p data-start=\"918\" data-end=\"941\">Systemische Seelsorge (DGFP)<\/p>\n<\/li>\n<li data-start=\"942\" data-end=\"985\">\n<p data-start=\"944\" data-end=\"985\">Regelm\u00e4\u00dfige Supervision und Fortbildung<\/p>\n<\/li>\n<\/ul>\n<p data-start=\"987\" data-end=\"1219\">Ich arbeite l\u00f6sungsorientiert, professionell und mit einer Haltung, die deine Perspektiven ernst nimmt \u2013 ganz gleich, ob du in einem pers\u00f6nlichen Umbruch steckst, deine Beziehung st\u00e4rken willst oder im Coaching neue Schritte suchst.<\/p>\n<p data-start=\"1221\" data-end=\"1397\"><strong data-start=\"1221\" data-end=\"1235\">Warum ich?<\/strong><br data-start=\"1235\" data-end=\"1238\">Weil ich zuh\u00f6re, nachfrage und mit dir gemeinsam Wege entwickle, die wirklich zu dir passen. Mit Klarheit, Tiefe und einer Prise Humor.<\/p>\n<p data-start=\"1399\" data-end=\"1459\"><strong data-start=\"1399\" data-end=\"1432\">Lass uns ins Gespr\u00e4ch kommen.<\/strong><br data-start=\"1432\" data-end=\"1435\">Ich freue mich auf dich.<\/p>\t\t\t\t\t\t\t\t<\/div>\n\t\t\t\t<\/div>\n\t\t\t\t\t<\/div>\n\t\t<\/div>\n\t\t\t\t\t<\/div>\n\t\t<\/section>\n\t\t\t\t<section class=\"elementor-section elementor-top-section elementor-element elementor-element-22cf7a7 elementor-section-boxed elementor-section-height-default elementor-section-height-default\" data-id=\"22cf7a7\" data-element_type=\"section\" data-e-type=\"section\">\n\t\t\t\t\t\t<div class=\"elementor-container elementor-column-gap-default\">\n\t\t\t\t\t<div class=\"elementor-column elementor-col-50 elementor-top-column elementor-element elementor-element-2452933\" data-id=\"2452933\" data-element_type=\"column\" data-e-type=\"column\">\n\t\t\t<div class=\"elementor-widget-wrap\">\n\t\t\t\t\t\t\t<\/div>\n\t\t<\/div>\n\t\t\t\t<div class=\"elementor-column elementor-col-50 elementor-top-column elementor-element elementor-element-826ec31\" data-id=\"826ec31\" data-element_type=\"column\" data-e-type=\"column\">\n\t\t\t<div class=\"elementor-widget-wrap elementor-element-populated\">\n\t\t\t\t\t\t<div class=\"elementor-element elementor-element-2560 elementor-invisible elementor-widget elementor-widget-global elementor-global-2560 elementor-widget-button\" data-id=\"2560\" data-element_type=\"widget\" data-e-type=\"widget\" data-settings=\"{&quot;_animation&quot;:&quot;fadeIn&quot;,&quot;_animation_delay&quot;:&quot;200&quot;}\" data-widget_type=\"button.default\">\n\t\t\t\t<div class=\"elementor-widget-container\">\n\t\t\t\t\t\t\t\t\t<div class=\"elementor-button-wrapper\">\n\t\t\t\t\t<a class=\"elementor-button elementor-button-link elementor-size-sm\" href=\"https:\/\/calendly.com\/adrianladner\">\n\t\t\t\t\t\t<span class=\"elementor-button-content-wrapper\">\n\t\t\t\t\t\t\t\t\t<span class=\"elementor-button-text\">Termin vereinbaren<\/span>\n\t\t\t\t\t<\/span>\n\t\t\t\t\t<\/a>\n\t\t\t\t<\/div>\n\t\t\t\t\t\t\t\t<\/div>\n\t\t\t\t<\/div>\n\t\t\t\t\t<\/div>\n\t\t<\/div>\n\t\t\t\t\t<\/div>\n\t\t<\/section>\n\t\t\t\t<\/div>\n\t\t","protected":false},"excerpt":{"rendered":"<p>Ich bin Adrian Ladner \u2013 systemischer Berater und Therapeut mit Herz, Verstand und als Pfarrer, Seelsorger, Berater und Therapeut mit langj\u00e4hriger Erfahrung in der Begleitung von Menschen in herausfordernden Lebenssituationen. Was mich auszeichnet? Ein feines Gesp\u00fcr f\u00fcr Themen, die unter der Oberfl\u00e4che liegen. Und die \u00dcberzeugung: Jeder Mensch tr\u00e4gt die F\u00e4higkeit zur Ver\u00e4nderung in sich [&hellip;]<\/p>\n","protected":false},"author":1,"featured_media":0,"parent":0,"menu_order":0,"comment_status":"closed","ping_status":"closed","template":"","meta":{"footnotes":""},"class_list":["post-1557","page","type-page","status-publish","hentry"],"jetpack_shortlink":"https:\/\/wp.me\/P4dMEf-p7","jetpack_sharing_enabled":true,"jetpack_likes_enabled":false,"_links":{"self":[{"href":"https:\/\/www.adrianladner.de\/index.php?rest_route=\/wp\/v2\/pages\/1557","targetHints":{"allow":["GET"]}}],"collection":[{"href":"https:\/\/www.adrianladner.de\/index.php?rest_route=\/wp\/v2\/pages"}],"about":[{"href":"https:\/\/www.adrianladner.de\/index.php?rest_route=\/wp\/v2\/types\/page"}],"author":[{"embeddable":true,"href":"https:\/\/www.adrianladner.de\/index.php?rest_route=\/wp\/v2\/users\/1"}],"replies":[{"embeddable":true,"href":"https:\/\/www.adrianladner.de\/index.php?rest_route=%2Fwp%2Fv2%2Fcomments&post=1557"}],"version-history":[{"count":49,"href":"https:\/\/www.adrianladner.de\/index.php?rest_route=\/wp\/v2\/pages\/1557\/revisions"}],"predecessor-version":[{"id":2873,"href":"https:\/\/www.adrianladner.de\/index.php?rest_route=\/wp\/v2\/pages\/1557\/revisions\/2873"}],"wp:attachment":[{"href":"https:\/\/www.adrianladner.de\/index.php?rest_route=%2Fwp%2Fv2%2Fmedia&parent=1557"}],"curies":[{"name":"wp","href":"https:\/\/api.w.org\/{rel}","templated":true}]}}