{"id":1563,"date":"2024-08-06T12:10:35","date_gmt":"2024-08-06T11:10:35","guid":{"rendered":"https:\/\/www.adrianladner.de\/?page_id=1563"},"modified":"2026-03-23T07:01:47","modified_gmt":"2026-03-23T06:01:47","slug":"kosten","status":"publish","type":"page","link":"https:\/\/www.adrianladner.de\/?page_id=1563","title":{"rendered":"Kosten"},"content":{"rendered":"\t\t<div data-elementor-type=\"wp-page\" data-elementor-id=\"1563\" class=\"elementor elementor-1563\" data-elementor-post-type=\"page\">\n\t\t\t\t\t\t<section class=\"elementor-section elementor-top-section elementor-element elementor-element-695d2c1c elementor-section-boxed elementor-section-height-default elementor-section-height-default\" data-id=\"695d2c1c\" data-element_type=\"section\" data-e-type=\"section\">\n\t\t\t\t\t\t<div class=\"elementor-container elementor-column-gap-default\">\n\t\t\t\t\t<div class=\"elementor-column elementor-col-100 elementor-top-column elementor-element elementor-element-4ec7583\" data-id=\"4ec7583\" data-element_type=\"column\" data-e-type=\"column\">\n\t\t\t<div class=\"elementor-widget-wrap elementor-element-populated\">\n\t\t\t\t\t\t<div class=\"elementor-element elementor-element-633f6612 elementor-widget elementor-widget-text-editor\" data-id=\"633f6612\" data-element_type=\"widget\" data-e-type=\"widget\" data-widget_type=\"text-editor.default\">\n\t\t\t\t<div class=\"elementor-widget-container\">\n\t\t\t\t\t\t\t\t\t<p><b>Transparente Preise f\u00fcr Ihre individuelle Beratung<\/b><br>Ich lege gro\u00dfen Wert auf Transparenz und Fairness in der Preisgestaltung. Hier findest Du eine \u00dcbersicht der Kosten meiner Dienste:<\/p>\n<ul>\n<li><b>Einzelberatung:<\/b> 110 \u20ac pro Sitzung (60 Minuten)<br><\/li>\n<li><b>Paar- und Familienberatung:<\/b> 130 \u20ac pro Sitzung (60 Minuten)<br><\/li>\n<\/ul>\n<p><b><br><\/b><\/p>\n<p><b>Zahlungsmodalit\u00e4ten<\/b><\/p>\n<p>Die Bezahlung erfolgt vor Ort per Kartenzahlung oder bar bzw. bei Onlineberatungen vorab<br>per \u00dcberweisung oder Paypal. Im Anschluss an den Zahlungseingang wird ein Zoom-Link versendet.<br><\/p>\n<p><b>Stornierung<\/b><\/p>\n<p>Bitte beachte, dass Termine mindestens 24 Stunden im Voraus storniert werden m\u00fcssen, um eine R\u00fcckerstattung zu erhalten. Bei sp\u00e4teren Absagen ist das volle Beratungshonorar zu entrichten. Dies erm\u00f6glicht es mir, den Termin neu zu vergeben und meine Zeit effizient zu planen.<\/p>\n<div><br><\/div>\t\t\t\t\t\t\t\t<\/div>\n\t\t\t\t<\/div>\n\t\t\t\t\t<\/div>\n\t\t<\/div>\n\t\t\t\t\t<\/div>\n\t\t<\/section>\n\t\t\t\t<\/div>\n\t\t","protected":false},"excerpt":{"rendered":"<p>Transparente Preise f\u00fcr Ihre individuelle BeratungIch lege gro\u00dfen Wert auf Transparenz und Fairness in der Preisgestaltung. Hier findest Du eine \u00dcbersicht der Kosten meiner Dienste: Einzelberatung: 110 \u20ac pro Sitzung (60 Minuten) Paar- und Familienberatung: 130 \u20ac pro Sitzung (60 Minuten) Zahlungsmodalit\u00e4ten Die Bezahlung erfolgt vor Ort per Kartenzahlung oder bar bzw. bei Onlineberatungen vorabper [&hellip;]<\/p>\n","protected":false},"author":1,"featured_media":0,"parent":0,"menu_order":0,"comment_status":"closed","ping_status":"closed","template":"","meta":{"footnotes":""},"class_list":["post-1563","page","type-page","status-publish","hentry"],"jetpack_shortlink":"https:\/\/wp.me\/P4dMEf-pd","jetpack_sharing_enabled":true,"jetpack_likes_enabled":false,"_links":{"self":[{"href":"https:\/\/www.adrianladner.de\/index.php?rest_route=\/wp\/v2\/pages\/1563","targetHints":{"allow":["GET"]}}],"collection":[{"href":"https:\/\/www.adrianladner.de\/index.php?rest_route=\/wp\/v2\/pages"}],"about":[{"href":"https:\/\/www.adrianladner.de\/index.php?rest_route=\/wp\/v2\/types\/page"}],"author":[{"embeddable":true,"href":"https:\/\/www.adrianladner.de\/index.php?rest_route=\/wp\/v2\/users\/1"}],"replies":[{"embeddable":true,"href":"https:\/\/www.adrianladner.de\/index.php?rest_route=%2Fwp%2Fv2%2Fcomments&post=1563"}],"version-history":[{"count":55,"href":"https:\/\/www.adrianladner.de\/index.php?rest_route=\/wp\/v2\/pages\/1563\/revisions"}],"predecessor-version":[{"id":3070,"href":"https:\/\/www.adrianladner.de\/index.php?rest_route=\/wp\/v2\/pages\/1563\/revisions\/3070"}],"wp:attachment":[{"href":"https:\/\/www.adrianladner.de\/index.php?rest_route=%2Fwp%2Fv2%2Fmedia&parent=1563"}],"curies":[{"name":"wp","href":"https:\/\/api.w.org\/{rel}","templated":true}]}}