{"id":2311,"date":"2024-08-19T11:04:49","date_gmt":"2024-08-19T10:04:49","guid":{"rendered":"https:\/\/www.adrianladner.de\/?page_id=2311"},"modified":"2025-07-22T15:54:06","modified_gmt":"2025-07-22T14:54:06","slug":"home","status":"publish","type":"page","link":"https:\/\/www.adrianladner.de\/","title":{"rendered":"Home"},"content":{"rendered":"\t\t<div data-elementor-type=\"wp-page\" data-elementor-id=\"2311\" class=\"elementor elementor-2311\" data-elementor-post-type=\"page\">\n\t\t\t\t\t\t<section class=\"elementor-section elementor-top-section elementor-element elementor-element-1ff51cd elementor-section-boxed elementor-section-height-default elementor-section-height-default\" data-id=\"1ff51cd\" data-element_type=\"section\" data-e-type=\"section\">\n\t\t\t\t\t\t<div class=\"elementor-container elementor-column-gap-default\">\n\t\t\t\t\t<div class=\"elementor-column elementor-col-100 elementor-top-column elementor-element elementor-element-13dba94\" data-id=\"13dba94\" data-element_type=\"column\" data-e-type=\"column\">\n\t\t\t<div class=\"elementor-widget-wrap elementor-element-populated\">\n\t\t\t\t\t\t<div class=\"elementor-element elementor-element-e9ec7cc elementor-nav-menu--dropdown-tablet elementor-nav-menu__text-align-aside elementor-nav-menu--toggle elementor-nav-menu--burger elementor-widget elementor-widget-nav-menu\" data-id=\"e9ec7cc\" data-element_type=\"widget\" data-e-type=\"widget\" data-settings=\"{&quot;layout&quot;:&quot;horizontal&quot;,&quot;submenu_icon&quot;:{&quot;value&quot;:&quot;&lt;i class=\\&quot;fas fa-caret-down\\&quot; aria-hidden=\\&quot;true\\&quot;&gt;&lt;\\\/i&gt;&quot;,&quot;library&quot;:&quot;fa-solid&quot;},&quot;toggle&quot;:&quot;burger&quot;}\" data-widget_type=\"nav-menu.default\">\n\t\t\t\t<div class=\"elementor-widget-container\">\n\t\t\t\t\t\t\t\t<nav aria-label=\"Men\u00fc\" class=\"elementor-nav-menu--main elementor-nav-menu__container elementor-nav-menu--layout-horizontal e--pointer-underline e--animation-fade\">\n\t\t\t\t<ul id=\"menu-1-e9ec7cc\" class=\"elementor-nav-menu\"><li class=\"menu-item menu-item-type-post_type menu-item-object-page menu-item-home menu-item-2312\"><a href=\"https:\/\/www.adrianladner.de\/\" class=\"elementor-item\">Home<\/a><\/li>\n<li class=\"menu-item menu-item-type-post_type menu-item-object-page menu-item-1576\"><a href=\"https:\/\/www.adrianladner.de\/?page_id=1557\" class=\"elementor-item\">\u00dcber mich<\/a><\/li>\n<li class=\"menu-item menu-item-type-post_type menu-item-object-page menu-item-1577\"><a href=\"https:\/\/www.adrianladner.de\/?page_id=1537\" class=\"elementor-item\">Systemische Paarberatung<\/a><\/li>\n<li class=\"menu-item menu-item-type-post_type menu-item-object-page menu-item-2664\"><a href=\"https:\/\/www.adrianladner.de\/?page_id=1545\" class=\"elementor-item\">Systemisches Coaching<\/a><\/li>\n<li class=\"menu-item menu-item-type-post_type menu-item-object-page menu-item-1580\"><a href=\"https:\/\/www.adrianladner.de\/?page_id=1563\" class=\"elementor-item\">Kosten<\/a><\/li>\n<li class=\"menu-item menu-item-type-post_type menu-item-object-page menu-item-privacy-policy menu-item-1581\"><a rel=\"privacy-policy\" href=\"https:\/\/www.adrianladner.de\/?page_id=16\" class=\"elementor-item\">Impressum<\/a><\/li>\n<\/ul>\t\t\t<\/nav>\n\t\t\t\t\t<div class=\"elementor-menu-toggle\" role=\"button\" tabindex=\"0\" aria-label=\"Men\u00fc Umschalter\" aria-expanded=\"false\">\n\t\t\t<i aria-hidden=\"true\" role=\"presentation\" class=\"elementor-menu-toggle__icon--open eicon-menu-bar\"><\/i><i aria-hidden=\"true\" role=\"presentation\" class=\"elementor-menu-toggle__icon--close eicon-close\"><\/i>\t\t<\/div>\n\t\t\t\t\t<nav class=\"elementor-nav-menu--dropdown elementor-nav-menu__container\" aria-hidden=\"true\">\n\t\t\t\t<ul id=\"menu-2-e9ec7cc\" class=\"elementor-nav-menu\"><li class=\"menu-item menu-item-type-post_type menu-item-object-page menu-item-home menu-item-2312\"><a href=\"https:\/\/www.adrianladner.de\/\" class=\"elementor-item\" tabindex=\"-1\">Home<\/a><\/li>\n<li class=\"menu-item menu-item-type-post_type menu-item-object-page menu-item-1576\"><a href=\"https:\/\/www.adrianladner.de\/?page_id=1557\" class=\"elementor-item\" tabindex=\"-1\">\u00dcber mich<\/a><\/li>\n<li class=\"menu-item menu-item-type-post_type menu-item-object-page menu-item-1577\"><a href=\"https:\/\/www.adrianladner.de\/?page_id=1537\" class=\"elementor-item\" tabindex=\"-1\">Systemische Paarberatung<\/a><\/li>\n<li class=\"menu-item menu-item-type-post_type menu-item-object-page menu-item-2664\"><a href=\"https:\/\/www.adrianladner.de\/?page_id=1545\" class=\"elementor-item\" tabindex=\"-1\">Systemisches Coaching<\/a><\/li>\n<li class=\"menu-item menu-item-type-post_type menu-item-object-page menu-item-1580\"><a href=\"https:\/\/www.adrianladner.de\/?page_id=1563\" class=\"elementor-item\" tabindex=\"-1\">Kosten<\/a><\/li>\n<li class=\"menu-item menu-item-type-post_type menu-item-object-page menu-item-privacy-policy menu-item-1581\"><a rel=\"privacy-policy\" href=\"https:\/\/www.adrianladner.de\/?page_id=16\" class=\"elementor-item\" tabindex=\"-1\">Impressum<\/a><\/li>\n<\/ul>\t\t\t<\/nav>\n\t\t\t\t\t\t<\/div>\n\t\t\t\t<\/div>\n\t\t\t\t\t<\/div>\n\t\t<\/div>\n\t\t\t\t\t<\/div>\n\t\t<\/section>\n\t\t\t\t<section class=\"elementor-section elementor-top-section elementor-element elementor-element-d506386 elementor-section-full_width elementor-section-height-min-height elementor-section-items-stretch elementor-section-content-middle elementor-reverse-mobile elementor-reverse-tablet elementor-section-height-default\" data-id=\"d506386\" data-element_type=\"section\" data-e-type=\"section\">\n\t\t\t\t\t\t<div class=\"elementor-container elementor-column-gap-no\">\n\t\t\t\t\t<div class=\"elementor-column elementor-col-50 elementor-top-column elementor-element elementor-element-30462c7d\" data-id=\"30462c7d\" data-element_type=\"column\" data-e-type=\"column\">\n\t\t\t<div class=\"elementor-widget-wrap elementor-element-populated\">\n\t\t\t\t\t\t<div class=\"elementor-element elementor-element-5c7445e9 animated-fast elementor-invisible elementor-widget elementor-widget-heading\" data-id=\"5c7445e9\" data-element_type=\"widget\" data-e-type=\"widget\" data-settings=\"{&quot;_animation&quot;:&quot;fadeIn&quot;}\" data-widget_type=\"heading.default\">\n\t\t\t\t<div class=\"elementor-widget-container\">\n\t\t\t\t\t<h1 class=\"elementor-heading-title elementor-size-default\"><strong>ADRIAN LADNER<\/strong><br>Systemische Beratung,<br>Coaching &amp;<br>paarberatung<\/h1>\t\t\t\t<\/div>\n\t\t\t\t<\/div>\n\t\t\t\t<div class=\"elementor-element elementor-element-1bcee1aa elementor-invisible elementor-widget elementor-widget-text-editor\" data-id=\"1bcee1aa\" data-element_type=\"widget\" data-e-type=\"widget\" data-settings=\"{&quot;_animation&quot;:&quot;fadeIn&quot;}\" data-widget_type=\"text-editor.default\">\n\t\t\t\t<div class=\"elementor-widget-container\">\n\t\t\t\t\t\t\t\t\t<p data-start=\"180\" data-end=\"221\"><strong data-start=\"180\" data-end=\"221\">Systemische Beratung, die weiterf\u00fchrt<\/strong><\/p>\n<p data-start=\"223\" data-end=\"433\">Inmitten von Krisen, Konflikten oder Umbr\u00fcchen kann ein klarer, achtsamer Blick von au\u00dfen helfen.<br data-start=\"320\" data-end=\"323\">Ich biete dir systemische Beratung, Coaching und Paarberatung \u2013 professionell, pers\u00f6nlich und auf Augenh\u00f6he.<\/p>\n<p data-start=\"435\" data-end=\"610\">Mit Erfahrung im Umgang mit existenziellen Themen und einem feinen Gesp\u00fcr f\u00fcr Dynamiken unterst\u00fctze ich dich dabei, neue Perspektiven zu finden und stimmige Schritte zu gehen.<\/p>\n<p data-start=\"612\" data-end=\"700\"><strong data-start=\"612\" data-end=\"645\">Wertsch\u00e4tzend. Klar. Wirksam.<\/strong><br data-start=\"645\" data-end=\"648\">In deinem Tempo. Mit deinem Anliegen im Mittelpunkt.<\/p>\n<p data-start=\"702\" data-end=\"735\"><strong data-start=\"702\" data-end=\"735\">Lass uns ins Gespr\u00e4ch kommen.<\/strong><\/p>\t\t\t\t\t\t\t\t<\/div>\n\t\t\t\t<\/div>\n\t\t\t\t<div class=\"elementor-element elementor-element-da3820c elementor-invisible elementor-widget elementor-widget-global elementor-global-2560 elementor-widget-button\" data-id=\"da3820c\" data-element_type=\"widget\" data-e-type=\"widget\" data-settings=\"{&quot;_animation&quot;:&quot;fadeIn&quot;,&quot;_animation_delay&quot;:&quot;200&quot;}\" data-widget_type=\"button.default\">\n\t\t\t\t<div class=\"elementor-widget-container\">\n\t\t\t\t\t\t\t\t\t<div class=\"elementor-button-wrapper\">\n\t\t\t\t\t<a class=\"elementor-button elementor-button-link elementor-size-sm\" href=\"https:\/\/calendly.com\/adrianladner\">\n\t\t\t\t\t\t<span class=\"elementor-button-content-wrapper\">\n\t\t\t\t\t\t\t\t\t<span class=\"elementor-button-text\">Termin vereinbaren<\/span>\n\t\t\t\t\t<\/span>\n\t\t\t\t\t<\/a>\n\t\t\t\t<\/div>\n\t\t\t\t\t\t\t\t<\/div>\n\t\t\t\t<\/div>\n\t\t\t\t<div class=\"elementor-element elementor-element-25aeb589 elementor-view-stacked elementor-shape-square elementor-widget__width-auto elementor-absolute elementor-hidden-phone animated-slow elementor-widget-tablet__width-inherit elementor-widget-mobile__width-auto elementor-invisible elementor-widget elementor-widget-icon\" data-id=\"25aeb589\" data-element_type=\"widget\" data-e-type=\"widget\" data-settings=\"{&quot;_position&quot;:&quot;absolute&quot;,&quot;_animation&quot;:&quot;fadeInDown&quot;,&quot;_animation_delay&quot;:&quot;500&quot;}\" data-widget_type=\"icon.default\">\n\t\t\t\t<div class=\"elementor-widget-container\">\n\t\t\t\t\t\t\t<div class=\"elementor-icon-wrapper\">\n\t\t\t<a class=\"elementor-icon\" href=\"#about\">\n\t\t\t<svg xmlns=\"http:\/\/www.w3.org\/2000\/svg\" id=\"f25b46f8-6104-47c9-8f1f-d4f0f5a5a4ab\" data-name=\"Layer 1\" viewBox=\"0 0 29.6836 21.0205\"><g id=\"a26fc822-5ffa-4744-a954-69ee883c57fc\" data-name=\"Page-1\"><g id=\"e7225c7b-e0fd-4e80-862e-e0b5dc4817dd\" data-name=\"Homepage\"><g id=\"ff265e74-3d0d-41f0-8578-c6f49acc811d\" data-name=\"Hero-Section\"><g id=\"f51052c6-0c6f-4c17-be34-45f176eaa2d4\" data-name=\"Arrow\"><g id=\"feb9d568-7c65-469c-be1c-4c66f6fe508c\" data-name=\"Group-4\"><g id=\"bc1b2d43-18f4-4c4a-9ddb-f8784f1f793b\" data-name=\"Group-3\"><g id=\"ebcd3d89-a5d2-4028-bcf3-30228da45525\" data-name=\"Path-5\"><polygon points=\"14.63 21.021 0 10.824 0.572 10.004 14.638 19.808 29.123 10 29.684 10.828 14.63 21.021\"><\/polygon><\/g><\/g><g id=\"b8abb5e9-6116-405e-a9bd-8494dc15aaf6\" data-name=\"Group-3-Copy\"><g id=\"b94158a1-d237-43ab-9444-47634c5b7092\" data-name=\"Path-5\"><polygon points=\"14.63 11.021 0 0.824 0.572 0.004 14.638 9.808 29.123 0 29.684 0.828 14.63 11.021\"><\/polygon><\/g><\/g><\/g><\/g><\/g><\/g><\/g><\/svg>\t\t\t<\/a>\n\t\t<\/div>\n\t\t\t\t\t\t<\/div>\n\t\t\t\t<\/div>\n\t\t\t\t\t<\/div>\n\t\t<\/div>\n\t\t\t\t<div class=\"elementor-column elementor-col-50 elementor-top-column elementor-element elementor-element-1ca63940\" data-id=\"1ca63940\" data-element_type=\"column\" data-e-type=\"column\" data-settings=\"{&quot;background_background&quot;:&quot;classic&quot;}\">\n\t\t\t<div class=\"elementor-widget-wrap elementor-element-populated\">\n\t\t\t\t\t\t<div class=\"elementor-element elementor-element-28fc91a elementor-widget elementor-widget-spacer\" data-id=\"28fc91a\" data-element_type=\"widget\" data-e-type=\"widget\" data-widget_type=\"spacer.default\">\n\t\t\t\t<div class=\"elementor-widget-container\">\n\t\t\t\t\t\t\t<div class=\"elementor-spacer\">\n\t\t\t<div class=\"elementor-spacer-inner\"><\/div>\n\t\t<\/div>\n\t\t\t\t\t\t<\/div>\n\t\t\t\t<\/div>\n\t\t\t\t\t<\/div>\n\t\t<\/div>\n\t\t\t\t\t<\/div>\n\t\t<\/section>\n\t\t\t\t<section class=\"elementor-section elementor-top-section elementor-element elementor-element-10308cf9 elementor-section-full_width elementor-section-height-min-height elementor-section-items-stretch elementor-section-content-middle elementor-section-height-default\" data-id=\"10308cf9\" data-element_type=\"section\" data-e-type=\"section\" id=\"about\">\n\t\t\t\t\t\t<div class=\"elementor-container elementor-column-gap-no\">\n\t\t\t\t\t<div class=\"elementor-column elementor-col-50 elementor-top-column elementor-element elementor-element-47a63ac\" data-id=\"47a63ac\" data-element_type=\"column\" data-e-type=\"column\" data-settings=\"{&quot;background_background&quot;:&quot;classic&quot;}\">\n\t\t\t<div class=\"elementor-widget-wrap elementor-element-populated\">\n\t\t\t\t\t\t<div class=\"elementor-element elementor-element-651b00ef elementor-widget elementor-widget-spacer\" data-id=\"651b00ef\" data-element_type=\"widget\" data-e-type=\"widget\" data-widget_type=\"spacer.default\">\n\t\t\t\t<div class=\"elementor-widget-container\">\n\t\t\t\t\t\t\t<div class=\"elementor-spacer\">\n\t\t\t<div class=\"elementor-spacer-inner\"><\/div>\n\t\t<\/div>\n\t\t\t\t\t\t<\/div>\n\t\t\t\t<\/div>\n\t\t\t\t\t<\/div>\n\t\t<\/div>\n\t\t\t\t<div class=\"elementor-column elementor-col-50 elementor-top-column elementor-element elementor-element-21e88862\" data-id=\"21e88862\" data-element_type=\"column\" data-e-type=\"column\" data-settings=\"{&quot;background_background&quot;:&quot;classic&quot;}\">\n\t\t\t<div class=\"elementor-widget-wrap elementor-element-populated\">\n\t\t\t\t\t\t<div class=\"elementor-element elementor-element-6768c9a6 elementor-widget__width-initial elementor-invisible elementor-widget elementor-widget-heading\" data-id=\"6768c9a6\" data-element_type=\"widget\" data-e-type=\"widget\" data-settings=\"{&quot;_animation&quot;:&quot;fadeInUp&quot;,&quot;_animation_mobile&quot;:&quot;none&quot;}\" data-widget_type=\"heading.default\">\n\t\t\t\t<div class=\"elementor-widget-container\">\n\t\t\t\t\t<h2 class=\"elementor-heading-title elementor-size-default\">Meine Haltung<\/h2>\t\t\t\t<\/div>\n\t\t\t\t<\/div>\n\t\t\t\t<div class=\"elementor-element elementor-element-1f04a8bd elementor-drop-cap-yes elementor-widget__width-initial elementor-drop-cap-view-default elementor-invisible elementor-widget elementor-widget-text-editor\" data-id=\"1f04a8bd\" data-element_type=\"widget\" data-e-type=\"widget\" data-settings=\"{&quot;_animation&quot;:&quot;fadeIn&quot;,&quot;drop_cap&quot;:&quot;yes&quot;}\" data-widget_type=\"text-editor.default\">\n\t\t\t\t<div class=\"elementor-widget-container\">\n\t\t\t\t\t\t\t\t\t<p><strong>Klar und verst\u00e4ndlich<\/strong><\/p>\n<p>Ich spreche deine Sprache \u2013 mit Sinn f\u00fcr das, was wirklich z\u00e4hlt..<\/p>\n<p><strong>Best\u00e4rkend und ehrlich<\/strong><\/p>\n<p>Ich begleite dich auf Augenh\u00f6he \u2013 mit Feingef\u00fchl, aber auch der n\u00f6tigen Klarheit, wenn\u2019s drauf ankommt.<\/p>\n<p><strong>Humorvoll und mit Herz<\/strong><br><\/p>\n<p>Vertrauen entsteht da, wo auch mal gelacht werden darf. Offenheit, W\u00e4rme und ein gutes Gesp\u00fcr geh\u00f6ren f\u00fcr mich dazu.<strong><br><\/strong><\/p>\n<p><strong>Erprobt und einf\u00fchlsam<\/strong>&nbsp;<\/p>\n<p>Was ich tue, hat Hand und Fu\u00df \u2013 wissenschaftlich fundiert, menschlich nah.<\/p>\n<p><strong>Geduldig und krisenerfahren<\/strong><br><\/p>\n<p>Ich bleibe an deiner Seite \u2013 auch wenn\u2019s schwierig wird. Ver\u00e4nderung braucht manchmal Ausdauer.<strong><br><\/strong><\/p>\n<p data-start=\"819\" data-end=\"1035\"><strong data-start=\"819\" data-end=\"853\">Was du von mir erwarten kannst<\/strong><br data-start=\"853\" data-end=\"856\">Jeder Mensch tr\u00e4gt die F\u00e4higkeit zur Ver\u00e4nderung in sich. Ich unterst\u00fctze dich dabei, deinen Weg zu finden \u2013 mit einer Begleitung, die auf dich und deine Situation abgestimmt ist.<\/p>\n<p><strong>Mein Angebot<\/strong><br><\/p>\n<ul>\n<li>\nSystemische Beratung <br><\/li>\n<li>Systemisches Coaching.&nbsp;<\/li>\n<li>Systemische Paarberatung.<\/li>\n<\/ul>\n<div><br><\/div>\n<ul>\n<\/ul><p data-start=\"1144\" data-end=\"1256\"><strong data-start=\"1144\" data-end=\"1161\">Worum es geht<\/strong><br data-start=\"1161\" data-end=\"1164\">\nDeine St\u00e4rke. Deine Perspektive. Dein Leben.<br data-start=\"1208\" data-end=\"1211\">\nLass uns gemeinsam den ersten Schritt machen.<\/p>\n<p data-start=\"1258\" data-end=\"1298\"><strong data-start=\"1258\" data-end=\"1298\">Ich freue mich, dich kennenzulernen.<\/strong><\/p>\t\t\t\t\t\t\t\t<\/div>\n\t\t\t\t<\/div>\n\t\t\t\t<div class=\"elementor-element elementor-element-7036db8b elementor-invisible elementor-widget elementor-widget-button\" data-id=\"7036db8b\" data-element_type=\"widget\" data-e-type=\"widget\" data-settings=\"{&quot;_animation&quot;:&quot;fadeIn&quot;,&quot;_animation_mobile&quot;:&quot;none&quot;,&quot;_animation_delay&quot;:&quot;200&quot;}\" data-widget_type=\"button.default\">\n\t\t\t\t<div class=\"elementor-widget-container\">\n\t\t\t\t\t\t\t\t\t<div class=\"elementor-button-wrapper\">\n\t\t\t\t\t<a class=\"elementor-button elementor-button-link elementor-size-sm\" href=\"https:\/\/www.adrianladner.de\/?page_id=1557\">\n\t\t\t\t\t\t<span class=\"elementor-button-content-wrapper\">\n\t\t\t\t\t\t\t\t\t<span class=\"elementor-button-text\">Mehr...<\/span>\n\t\t\t\t\t<\/span>\n\t\t\t\t\t<\/a>\n\t\t\t\t<\/div>\n\t\t\t\t\t\t\t\t<\/div>\n\t\t\t\t<\/div>\n\t\t\t\t\t<\/div>\n\t\t<\/div>\n\t\t\t\t\t<\/div>\n\t\t<\/section>\n\t\t\t\t<section class=\"elementor-section elementor-top-section elementor-element elementor-element-6aa985e elementor-section-boxed elementor-section-height-default elementor-section-height-default\" data-id=\"6aa985e\" data-element_type=\"section\" data-e-type=\"section\">\n\t\t\t\t\t\t<div class=\"elementor-container elementor-column-gap-default\">\n\t\t\t\t\t<div class=\"elementor-column elementor-col-100 elementor-top-column elementor-element elementor-element-13fc9af\" data-id=\"13fc9af\" data-element_type=\"column\" data-e-type=\"column\">\n\t\t\t<div class=\"elementor-widget-wrap\">\n\t\t\t\t\t\t\t<\/div>\n\t\t<\/div>\n\t\t\t\t\t<\/div>\n\t\t<\/section>\n\t\t\t\t<\/div>\n\t\t","protected":false},"excerpt":{"rendered":"<p>ADRIAN LADNERSystemische Beratung,Coaching &amp;paarberatung Systemische Beratung, die weiterf\u00fchrt Inmitten von Krisen, Konflikten oder Umbr\u00fcchen kann ein klarer, achtsamer Blick von au\u00dfen helfen.Ich biete dir systemische Beratung, Coaching und Paarberatung \u2013 professionell, pers\u00f6nlich und auf Augenh\u00f6he. Mit Erfahrung im Umgang mit existenziellen Themen und einem feinen Gesp\u00fcr f\u00fcr Dynamiken unterst\u00fctze ich dich dabei, neue Perspektiven zu [&hellip;]<\/p>\n","protected":false},"author":1,"featured_media":2315,"parent":0,"menu_order":0,"comment_status":"closed","ping_status":"closed","template":"elementor_canvas","meta":{"footnotes":""},"class_list":["post-2311","page","type-page","status-publish","has-post-thumbnail","hentry"],"jetpack_shortlink":"https:\/\/wp.me\/P4dMEf-Bh","jetpack_sharing_enabled":true,"jetpack_likes_enabled":false,"_links":{"self":[{"href":"https:\/\/www.adrianladner.de\/index.php?rest_route=\/wp\/v2\/pages\/2311","targetHints":{"allow":["GET"]}}],"collection":[{"href":"https:\/\/www.adrianladner.de\/index.php?rest_route=\/wp\/v2\/pages"}],"about":[{"href":"https:\/\/www.adrianladner.de\/index.php?rest_route=\/wp\/v2\/types\/page"}],"author":[{"embeddable":true,"href":"https:\/\/www.adrianladner.de\/index.php?rest_route=\/wp\/v2\/users\/1"}],"replies":[{"embeddable":true,"href":"https:\/\/www.adrianladner.de\/index.php?rest_route=%2Fwp%2Fv2%2Fcomments&post=2311"}],"version-history":[{"count":108,"href":"https:\/\/www.adrianladner.de\/index.php?rest_route=\/wp\/v2\/pages\/2311\/revisions"}],"predecessor-version":[{"id":2856,"href":"https:\/\/www.adrianladner.de\/index.php?rest_route=\/wp\/v2\/pages\/2311\/revisions\/2856"}],"wp:featuredmedia":[{"embeddable":true,"href":"https:\/\/www.adrianladner.de\/index.php?rest_route=\/wp\/v2\/media\/2315"}],"wp:attachment":[{"href":"https:\/\/www.adrianladner.de\/index.php?rest_route=%2Fwp%2Fv2%2Fmedia&parent=2311"}],"curies":[{"name":"wp","href":"https:\/\/api.w.org\/{rel}","templated":true}]}}